{"id":4221,"date":"2021-09-20T12:43:35","date_gmt":"2021-09-20T10:43:35","guid":{"rendered":"https:\/\/www.ancientandrecent.com\/?page_id=4221"},"modified":"2021-12-27T11:02:31","modified_gmt":"2021-12-27T10:02:31","slug":"tour-eventi-incentives-roma","status":"publish","type":"page","link":"https:\/\/www.ancientandrecent.com\/it\/tour-eventi-incentives-roma\/","title":{"rendered":"Tour Eventi Incentives Roma"},"content":{"rendered":"<div class=\"fusion-fullwidth fullwidth-box fusion-builder-row-1 fusion-flex-container nonhundred-percent-fullwidth non-hundred-percent-height-scrolling\" style=\"--awb-border-radius-top-left:0px;--awb-border-radius-top-right:0px;--awb-border-radius-bottom-right:0px;--awb-border-radius-bottom-left:0px;--awb-flex-wrap:wrap;\" ><div class=\"fusion-builder-row fusion-row fusion-flex-align-items-flex-start fusion-flex-content-wrap\" style=\"max-width:1456px;margin-left: calc(-4% \/ 2 );margin-right: calc(-4% \/ 2 );\"><div class=\"fusion-layout-column fusion_builder_column fusion-builder-column-0 fusion_builder_column_1_1 1_1 fusion-flex-column\" style=\"--awb-bg-size:cover;--awb-width-large:100%;--awb-margin-top-large:0px;--awb-spacing-right-large:1.92%;--awb-margin-bottom-large:0px;--awb-spacing-left-large:1.92%;--awb-width-medium:100%;--awb-order-medium:0;--awb-spacing-right-medium:1.92%;--awb-spacing-left-medium:1.92%;--awb-width-small:100%;--awb-order-small:0;--awb-spacing-right-small:1.92%;--awb-spacing-left-small:1.92%;\"><div class=\"fusion-column-wrapper fusion-column-has-shadow fusion-flex-justify-content-flex-start fusion-content-layout-column\"><div class=\"fusion-title title fusion-title-1 fusion-sep-none fusion-title-center fusion-title-text fusion-title-size-one\"><h1 class=\"fusion-title-heading title-heading-center fusion-responsive-typography-calculated\" style=\"margin:0;--fontSize:32;line-height:1;\"><strong>Tour Eventi Incentives Roma<\/strong><\/h1><\/div><div class=\"fusion-image-element \" style=\"text-align:center;--awb-margin-bottom:20px;--awb-caption-title-font-family:var(--h2_typography-font-family);--awb-caption-title-font-weight:var(--h2_typography-font-weight);--awb-caption-title-font-style:var(--h2_typography-font-style);--awb-caption-title-size:var(--h2_typography-font-size);--awb-caption-title-transform:var(--h2_typography-text-transform);--awb-caption-title-line-height:var(--h2_typography-line-height);--awb-caption-title-letter-spacing:var(--h2_typography-letter-spacing);\"><span class=\" fusion-imageframe imageframe-none imageframe-1 hover-type-none\"><img decoding=\"async\" width=\"51\" height=\"30\" title=\"separator\" src=\"https:\/\/www.ancientandrecent.com\/wp-content\/uploads\/2021\/05\/separator.png\" alt class=\"img-responsive wp-image-266\"\/><\/span><\/div>\n<div class=\"fusion-text fusion-text-1\" style=\"--awb-text-transform:none;\"><p><strong>Roma<\/strong> \u00e8 una delle citt\u00e0 pi\u00f9 belle del mondo. Esplorala e divertiti insieme a noi! <strong>Ancient &amp; Recent<\/strong>, con la sua lunga esperienza, \u00e8 ormai leader nell\u2019 organizzazione di <strong>Tour eventi Incentives Roma<\/strong> ricchi di esperienze interattive. Il nostro team cerca di creare una connessione diretta tra persone, luoghi e culture. Propone, infatti, un modo semplice ed inedito per vivere la storia di <strong>Roma<\/strong> attraverso strumenti di ultima generazione, come la <strong>Realt\u00e0 Virtuale<\/strong> o la <strong>Realt\u00e0 Mista<\/strong> adatta a tutti gli utenti.<\/p>\n<p>Imparare non \u00e8 mai stato cos\u00ec facile!<\/p>\n<\/div><\/div><\/div><div class=\"fusion-layout-column fusion_builder_column fusion-builder-column-1 fusion_builder_column_1_2 1_2 fusion-flex-column\" style=\"--awb-bg-size:cover;--awb-width-large:50%;--awb-margin-top-large:0px;--awb-spacing-right-large:3.84%;--awb-margin-bottom-large:0px;--awb-spacing-left-large:3.84%;--awb-width-medium:50%;--awb-order-medium:0;--awb-spacing-right-medium:3.84%;--awb-spacing-left-medium:3.84%;--awb-width-small:100%;--awb-order-small:0;--awb-spacing-right-small:1.92%;--awb-spacing-left-small:1.92%;\"><div class=\"fusion-column-wrapper fusion-column-has-shadow fusion-flex-justify-content-flex-start fusion-content-layout-column\"><div class=\"fusion-text fusion-text-2\" style=\"--awb-text-transform:none;\"><p>Le <strong>aziende<\/strong> che richiedono di organizzare <strong>tour culturali<\/strong> e tecnologici per i propri dipendenti in visita a <strong>Roma<\/strong>, sono sempre pi\u00f9 frequenti. Soggiorni premio e meeting aziendali. Questo, infatti, ci ha portati a specializzarci in <strong>eventi incentives<\/strong> e divenire una <strong>azienda<\/strong> leader nel campo. Organizzeremo il tutto, dall\u2019inizio alla fine, in base alle tue necessit\u00e0.<\/p>\n<p>Sia le piccole che le grandi imprese possono servirsi di questo viaggio tecnologico nell\u2019<strong>Antica Roma<\/strong>. Il tutto per offrire ai propri dipendenti un\u2019<strong>esperienza<\/strong> diversa ed innovativa.<\/p>\n<p>Scoprirete, dunque, la citt\u00e0 ed i <strong>monumenti di Roma<\/strong> in un itinerario pensato e sviluppato per rispondere ad ogni vostra esigenza. I migliori siti culturali e artistici della citt\u00e0 ti stanno aspettando. In altre parole, tecnologia, storia e cultura si fondono in un mix perfetto.<\/p>\n<\/div><\/div><\/div><div class=\"fusion-layout-column fusion_builder_column fusion-builder-column-2 fusion_builder_column_1_2 1_2 fusion-flex-column\" style=\"--awb-bg-size:cover;--awb-width-large:50%;--awb-margin-top-large:0px;--awb-spacing-right-large:3.84%;--awb-margin-bottom-large:0px;--awb-spacing-left-large:3.84%;--awb-width-medium:50%;--awb-order-medium:0;--awb-spacing-right-medium:3.84%;--awb-spacing-left-medium:3.84%;--awb-width-small:100%;--awb-order-small:0;--awb-spacing-right-small:1.92%;--awb-spacing-left-small:1.92%;\"><div class=\"fusion-column-wrapper fusion-column-has-shadow fusion-flex-justify-content-flex-start fusion-content-layout-column\"><div class=\"fusion-image-element \" style=\"--awb-caption-title-font-family:var(--h2_typography-font-family);--awb-caption-title-font-weight:var(--h2_typography-font-weight);--awb-caption-title-font-style:var(--h2_typography-font-style);--awb-caption-title-size:var(--h2_typography-font-size);--awb-caption-title-transform:var(--h2_typography-text-transform);--awb-caption-title-line-height:var(--h2_typography-line-height);--awb-caption-title-letter-spacing:var(--h2_typography-letter-spacing);\"><span class=\" fusion-imageframe imageframe-none imageframe-2 hover-type-none\"><img decoding=\"async\" width=\"960\" height=\"480\" alt=\"tour eventi incentivi roma colosseo circo massimo citt\u00e0 del vaticano tour realt\u00e0 virtuale ancient and recent\" title=\"tour eventi incentivi roma colosseo circo massimo citt\u00e0 del vaticano tour realt\u00e0 virtuale ancient and recent\" src=\"https:\/\/www.ancientandrecent.com\/wp-content\/uploads\/2021\/11\/incentive-travel-rome-circus-maximus-colosseum-vatican-city-virtual-reality-tour-ancient-and-recent.jpg\" class=\"img-responsive wp-image-4866\" srcset=\"https:\/\/www.ancientandrecent.com\/wp-content\/uploads\/2021\/11\/incentive-travel-rome-circus-maximus-colosseum-vatican-city-virtual-reality-tour-ancient-and-recent-200x100.jpg 200w, https:\/\/www.ancientandrecent.com\/wp-content\/uploads\/2021\/11\/incentive-travel-rome-circus-maximus-colosseum-vatican-city-virtual-reality-tour-ancient-and-recent-400x200.jpg 400w, https:\/\/www.ancientandrecent.com\/wp-content\/uploads\/2021\/11\/incentive-travel-rome-circus-maximus-colosseum-vatican-city-virtual-reality-tour-ancient-and-recent-600x300.jpg 600w, https:\/\/www.ancientandrecent.com\/wp-content\/uploads\/2021\/11\/incentive-travel-rome-circus-maximus-colosseum-vatican-city-virtual-reality-tour-ancient-and-recent-800x400.jpg 800w, https:\/\/www.ancientandrecent.com\/wp-content\/uploads\/2021\/11\/incentive-travel-rome-circus-maximus-colosseum-vatican-city-virtual-reality-tour-ancient-and-recent.jpg 960w\" sizes=\"(max-width: 640px) 100vw, 800px\" \/><\/span><\/div><\/div><\/div><div class=\"fusion-layout-column fusion_builder_column fusion-builder-column-3 fusion_builder_column_1_1 1_1 fusion-flex-column\" style=\"--awb-bg-size:cover;--awb-width-large:100%;--awb-margin-top-large:0px;--awb-spacing-right-large:1.92%;--awb-margin-bottom-large:0px;--awb-spacing-left-large:1.92%;--awb-width-medium:100%;--awb-order-medium:0;--awb-spacing-right-medium:1.92%;--awb-spacing-left-medium:1.92%;--awb-width-small:100%;--awb-order-small:0;--awb-spacing-right-small:1.92%;--awb-spacing-left-small:1.92%;\"><div class=\"fusion-column-wrapper fusion-column-has-shadow fusion-flex-justify-content-flex-start fusion-content-layout-column\"><div class=\"fusion-title title fusion-title-2 fusion-sep-none fusion-title-text fusion-title-size-two\"><h2 class=\"fusion-title-heading title-heading-left fusion-responsive-typography-calculated\" style=\"margin:0;--fontSize:32;line-height:1;\">Come si svolgono i nostri Tour<\/h2><\/div><div class=\"fusion-text fusion-text-3\" style=\"--awb-text-transform:none;\"><p>Qualunque percorso tu scelga di intraprendere, sia all\u2019interno che all\u2019esterno dei <strong>monumenti di Rom<\/strong>a, sarai seguito da personale specializzato e guide turistiche autorizzate su <strong>Roma<\/strong>. Saranno, infatti, a vostra completa disposizione per ogni domanda o perplessit\u00e0. Su richiesta verranno riservati anche accessi VIP ai monumenti.<\/p>\n<p>Tutti i nostri tour con la tecnologia della <strong>Realt\u00e0 Virtuale<\/strong> e tradizionali, sono ideati per permettere al cliente di inserirsi con sicurezza, e con la migliore organizzazione, in un programma specifico. Potrai, dunque, scegliere di esplorare, ad esempio:<\/p>\n<\/div><div class=\"fusion-title title fusion-title-3 fusion-sep-none fusion-title-text fusion-title-size-three\" style=\"--awb-font-size:1.4em;\"><h3 class=\"fusion-title-heading title-heading-left fusion-responsive-typography-calculated\" style=\"margin:0;font-size:1em;--fontSize:25.2;--minFontSize:25.2;line-height:1.3;\">Colosseo in Realt\u00e0 Virtuale<\/h3><\/div><div class=\"fusion-text fusion-text-4\" style=\"--awb-text-transform:none;\"><p>Rivivi, nei panni di un antico romano, l\u2019<strong>Antica Roma<\/strong> in una ricostruzione virtuale del <strong>Colosseo<\/strong>. Cammina per la piazza e guardati intorno. Il Tempio di Venere e Roma; la <em>Meta Sudans<\/em>, la fontana dei <strong>gladiatori<\/strong>; l\u2019<strong>Arco di Costantino<\/strong> e per ultimo la statua in bronzo dorato del Colosso di Nerone. In secondo luogo, continua l\u2019esperienza entrando nell\u2019Arena. Senti la folla scalpitante sugli spalti, il ruggito dei leoni, ed assisiti ad una battaglia di <strong>gladiatori<\/strong>. Attento, perch\u00e9 sarai tu a scegliere la sorte del gladiatore ferito. Concludi l\u2019immersione nei misteriosi sotterranei. Un luogo buio e tenebroso, con gabbie per animali e montacarichi, dove gli schiavi, in silenzio, lavorano per prepararsi allo spettacolo.<\/p>\n<\/div><div class=\"fusion-title title fusion-title-4 fusion-sep-none fusion-title-text fusion-title-size-three\" style=\"--awb-font-size:1.4em;\"><h3 class=\"fusion-title-heading title-heading-left fusion-responsive-typography-calculated\" style=\"margin:0;font-size:1em;--fontSize:25.2;--minFontSize:25.2;line-height:1.3;\">Vaticano e la Cappella Sistina in Realt\u00e0 Virtuale<\/h3><\/div><div class=\"fusion-text fusion-text-5\" style=\"--awb-text-transform:none;\"><p>La <strong>Cappella Sistina<\/strong> e la <strong>Basilica di San Pietro<\/strong> sono i grandi capolavori dell\u2019umanit\u00e0. Ripercorri la loro storia indossando un <strong>visore VR<\/strong> in <strong>3D<\/strong>. In primo luogo, parti alla scoperta del Circo di Nerone fino alla sua demolizione per lasciare spazio alla Basilica Paleocristina di Costantino. Percorri, dunque, le sue 5 imponenti navate e cammina per la necropoli vicina. Successivamente, continua il percorso virtuale incontrando <strong>Michelangelo<\/strong> che ti condurr\u00e0 alla scoperta del suo capolavoro: la <strong>Cappella Sistina<\/strong>. Attraverso un racconto animato, pertanto, osserva Dio nell\u2019atto di separare la luce dalle tenebre e la terra dalle acque, fino alla cacciata di Adamo ed Eva dal Paradiso Terrestre. Per concludere, entra nel cuore di un altro dipinto. Gli angeli dell\u2019Apocalisse suonano le trombe, nel frattempo i dannati vengono spinti all\u2019Inferno da Caronte e i beati risorgono verso il cielo. Cristo alza la mano sinistra. Il <strong>Giudizio Universale<\/strong> \u00e8 iniziato.<\/p>\n<\/div><div class=\"fusion-title title fusion-title-5 fusion-sep-none fusion-title-text fusion-title-size-three\" style=\"--awb-font-size:1.4em;\"><h3 class=\"fusion-title-heading title-heading-left fusion-responsive-typography-calculated\" style=\"margin:0;font-size:1em;--fontSize:25.2;--minFontSize:25.2;line-height:1.3;\">Circo Massimo in Realt\u00e0 Virtuale<\/h3><\/div><div class=\"fusion-text fusion-text-6\" style=\"--awb-text-transform:none;\"><p>Ripercorri in 5 fasi l\u2019espansione di <strong>Roma<\/strong> dalla sua fondazione. Indossa il visore e catapultati nel 753 a.C., incontrando Romolo che solca con l\u2019aratro il confine sacro della citt\u00e0. In secondo luogo, ammira la prima costruzione in legno dell\u2019arcaico <strong>Circo Massimo<\/strong> ed il magnifico Foro Boario. Cammina virtualmente sull\u2019antica Via Appia; aggirati per le botteghe e attendi con ansia di entrare nel circo. Segui il nostro staff all\u2019interno del <strong>Circo Massimo<\/strong> e rindossa il visore. Diventa il protagonista della tanto attesa corsa di bighe e quadrighe. Scegli la faziones, il colore del cavallo e parti. Sorpassa gli avversari, evita gli scontri e gli ostacoli. Devi completare sette giri intorno alla spina se vuoi essere il vincitore. Corri come Ben Hur! Sarai tu ad aggiudicarti il premio di 1 milione di sesterzi?<\/p>\n<\/div><div class=\"fusion-title title fusion-title-6 fusion-sep-none fusion-title-text fusion-title-size-three\" style=\"--awb-font-size:1.4em;\"><h3 class=\"fusion-title-heading title-heading-left fusion-responsive-typography-calculated\" style=\"margin:0;font-size:1em;--fontSize:25.2;--minFontSize:25.2;line-height:1.3;\">Civita di Bagnoregio in Realt\u00e0 Aumentata<\/h3><\/div><div class=\"fusion-text fusion-text-7\" style=\"--awb-text-transform:none;\"><p>Conosci <strong>la \u201cCitt\u00e0 che Muore\u201d<\/strong> attraverso una <strong>Realt\u00e0 Aumentata<\/strong> olografica. Guarda sovrapposti presente e passato in un unico insieme. Percorri 11 tappe, partendo dalla parte pi\u00f9 alta della citt\u00e0, il Belvedere. In ogni tappa, pertanto, 5 guide virtuali ti accompagneranno, grazie ai loro racconti e alle loro storie, in questo meraviglioso viaggio. Velthur, l\u2019etrusco; poi Gaius, il romano; Aufret, il longobardo; poi San Bonaventura, il medievale; ed infine Rosina, una contadina di epoca moderna. Immaginali sparsi per la citt\u00e0, tra le chiese ed i monumenti pi\u00f9 importanti. Stanno aspettando proprio te. Grazie le loro storie, nel frattempo tutto riprender\u00e0 vita; immagini passate si sovrapporranno a quelle moderne, regalando dunque una straordinaria avventura.<\/p>\n<\/div><div class=\"fusion-text fusion-text-8\" style=\"--awb-text-transform:none;\"><p>Studi scientifici, infatti, dimostrano che il cervello umano tende a ricordare il 10% di ci\u00f2 che si legge, il 20% di quello che sente, ma il 90% di ci\u00f2 che fa. In altre parole, applicando questo concetto di learning VR, <strong>Ancient &amp; Recent<\/strong> permetter\u00e0 ai suoi turisti di poter ricordare molto di pi\u00f9 rispetto ai tour classici offerti sul mercato. Sar\u00e0 sicuramente un<strong>\u2019esperienza<\/strong> indimenticabile.<\/p>\n<p>In altre parole, i nostri tour tecnologici potranno essere combinati con percorsi tradizionali guidati da un professionista, ad esempio:<\/p>\n<ul>\n<li><strong>Colosseo; <\/strong><\/li>\n<li><strong>Colle Palatino; <\/strong><\/li>\n<li><strong>Foro Romano; <\/strong><\/li>\n<li><strong>Circo Massimo; <\/strong><\/li>\n<li><strong>Tour del centro storico di Roma; <\/strong><\/li>\n<li><strong>Roma di notte; <\/strong><\/li>\n<li><strong>Musei Vaticani; <\/strong><\/li>\n<li><strong>Cappella Sistina; <\/strong><\/li>\n<li><strong>Civita di Bagnoregio<\/strong><\/li>\n<\/ul>\n<p>e tanto altro ancora in un <strong>Tour a piedi su Roma<\/strong>. L\u2019attenzione e la cura del cliente sono, in primo luogo, i nostri punti di forza.<\/p>\n<\/div><div class=\"fusion-title title fusion-title-7 fusion-sep-none fusion-title-text fusion-title-size-three\" style=\"--awb-font-size:1.4em;\"><h3 class=\"fusion-title-heading title-heading-left fusion-responsive-typography-calculated\" style=\"margin:0;font-size:1em;--fontSize:25.2;--minFontSize:25.2;line-height:1.3;\">Vantaggi dei nostri Tour eventi Incentives Roma<\/h3><\/div><div class=\"fusion-text fusion-text-9\" style=\"--awb-text-transform:none;\"><p>I vantaggi di cui puoi usufruire prenotando uno dei nostri Tour eventi Incentives Roma e dintorni, sono i seguenti. Ad esempio:<\/p>\n<ul>\n<li>Personale dedicato al gruppo;<\/li>\n<li>Guida turistica privata;<\/li>\n<li>Biglietti salta la fila;<\/li>\n<li>Accesso senza folla;<\/li>\n<li>Flessibilit\u00e0 di orari per ogni tua necessit\u00e0;<\/li>\n<li>Studio e creazione di itinerari personalizzati per ogni tua esigenza;<\/li>\n<li>Tecnologia di ultima generazione;<\/li>\n<li>Accessi VIP in base all\u2019itinerario scelto;<\/li>\n<li>Foto ricordo a fine esperienza;<\/li>\n<li>Gadget regalo di fine tour;<\/li>\n<li>Aperitivo o cena esclusiva.<\/li>\n<\/ul>\n<p>In conclusione, i nostri <strong>Tour eventi Incentives Roma<\/strong> possono essere organizzati in qualunque momento della giornata. Al termine del vostro <strong>meeting aziendale<\/strong>,\u202fnel tardo\u202fpomeriggio o di sera, il nostro staff sar\u00e0 lieto di accogliervi calorosamente, per farvi vivere una magnifica avventura all\u2019insegna della storia e della tecnologia. Concludi l\u2019esperienza con un aperitivo o con una cena aziendale, in un locale esclusivo, con vista panoramica su <strong>Roma<\/strong>.<\/p>\n<\/div><\/div><\/div><\/div><\/div>\n","protected":false},"excerpt":{"rendered":"","protected":false},"author":1,"featured_media":0,"parent":0,"menu_order":0,"comment_status":"closed","ping_status":"closed","template":"100-width.php","meta":{"footnotes":""},"class_list":["post-4221","page","type-page","status-publish","hentry"],"yoast_head":"<!-- This site is optimized with the Yoast SEO plugin v24.0 - https:\/\/yoast.com\/wordpress\/plugins\/seo\/ -->\n<title>Tour Eventi Incentives Roma - Ancient and Recent<\/title>\n<meta name=\"description\" content=\"Ancient &amp; Recent \u00e8 ormai leader nell&#039; organizzazione di Tour Eventi Incentives Roma ricchi di esperienze interattive, come la Realt\u00e0 Virtuale\" \/>\n<meta name=\"robots\" content=\"index, follow, max-snippet:-1, max-image-preview:large, max-video-preview:-1\" \/>\n<link rel=\"canonical\" href=\"https:\/\/www.ancientandrecent.com\/it\/tour-eventi-incentives-roma\/\" \/>\n<meta property=\"og:locale\" content=\"it_IT\" \/>\n<meta property=\"og:type\" content=\"article\" \/>\n<meta property=\"og:title\" content=\"Tour Eventi Incentives Roma - Ancient and Recent\" \/>\n<meta property=\"og:description\" content=\"Ancient &amp; Recent \u00e8 ormai leader nell&#039; organizzazione di Tour Eventi Incentives Roma ricchi di esperienze interattive, come la Realt\u00e0 Virtuale\" \/>\n<meta property=\"og:url\" content=\"https:\/\/www.ancientandrecent.com\/it\/tour-eventi-incentives-roma\/\" \/>\n<meta property=\"og:site_name\" content=\"Ancient and Recent\" \/>\n<meta property=\"article:modified_time\" content=\"2021-12-27T10:02:31+00:00\" \/>\n<meta name=\"twitter:card\" content=\"summary_large_image\" \/>\n<meta name=\"twitter:label1\" content=\"Tempo di lettura stimato\" \/>\n\t<meta name=\"twitter:data1\" content=\"3 minuti\" \/>\n<script type=\"application\/ld+json\" class=\"yoast-schema-graph\">{\"@context\":\"https:\/\/schema.org\",\"@graph\":[{\"@type\":\"WebPage\",\"@id\":\"https:\/\/www.ancientandrecent.com\/it\/tour-eventi-incentives-roma\/\",\"url\":\"https:\/\/www.ancientandrecent.com\/it\/tour-eventi-incentives-roma\/\",\"name\":\"Tour Eventi Incentives Roma - Ancient and Recent\",\"isPartOf\":{\"@id\":\"https:\/\/www.ancientandrecent.com\/it\/#website\"},\"datePublished\":\"2021-09-20T10:43:35+00:00\",\"dateModified\":\"2021-12-27T10:02:31+00:00\",\"description\":\"Ancient & Recent \u00e8 ormai leader nell' organizzazione di Tour Eventi Incentives Roma ricchi di esperienze interattive, come la Realt\u00e0 Virtuale\",\"breadcrumb\":{\"@id\":\"https:\/\/www.ancientandrecent.com\/it\/tour-eventi-incentives-roma\/#breadcrumb\"},\"inLanguage\":\"it-IT\",\"potentialAction\":[{\"@type\":\"ReadAction\",\"target\":[\"https:\/\/www.ancientandrecent.com\/it\/tour-eventi-incentives-roma\/\"]}]},{\"@type\":\"BreadcrumbList\",\"@id\":\"https:\/\/www.ancientandrecent.com\/it\/tour-eventi-incentives-roma\/#breadcrumb\",\"itemListElement\":[{\"@type\":\"ListItem\",\"position\":1,\"name\":\"Home\",\"item\":\"https:\/\/www.ancientandrecent.com\/it\/\"},{\"@type\":\"ListItem\",\"position\":2,\"name\":\"Tour Eventi Incentives Roma\"}]},{\"@type\":\"WebSite\",\"@id\":\"https:\/\/www.ancientandrecent.com\/it\/#website\",\"url\":\"https:\/\/www.ancientandrecent.com\/it\/\",\"name\":\"Ancient and Recent\",\"description\":\"Prenota Tour Attrazioni Biglietti con Realt\u00e0 Virtuale\",\"publisher\":{\"@id\":\"https:\/\/www.ancientandrecent.com\/it\/#organization\"},\"potentialAction\":[{\"@type\":\"SearchAction\",\"target\":{\"@type\":\"EntryPoint\",\"urlTemplate\":\"https:\/\/www.ancientandrecent.com\/it\/?s={search_term_string}\"},\"query-input\":{\"@type\":\"PropertyValueSpecification\",\"valueRequired\":true,\"valueName\":\"search_term_string\"}}],\"inLanguage\":\"it-IT\"},{\"@type\":\"Organization\",\"@id\":\"https:\/\/www.ancientandrecent.com\/it\/#organization\",\"name\":\"Ancient and Recent\",\"url\":\"https:\/\/www.ancientandrecent.com\/it\/\",\"logo\":{\"@type\":\"ImageObject\",\"inLanguage\":\"it-IT\",\"@id\":\"https:\/\/www.ancientandrecent.com\/it\/#\/schema\/logo\/image\/\",\"url\":\"https:\/\/www.ancientandrecent.com\/wp-content\/uploads\/2021\/05\/ancient-and-recent-logo-footer.png\",\"contentUrl\":\"https:\/\/www.ancientandrecent.com\/wp-content\/uploads\/2021\/05\/ancient-and-recent-logo-footer.png\",\"width\":276,\"height\":215,\"caption\":\"Ancient and Recent\"},\"image\":{\"@id\":\"https:\/\/www.ancientandrecent.com\/it\/#\/schema\/logo\/image\/\"}}]}<\/script>\n<!-- \/ Yoast SEO plugin. -->","yoast_head_json":{"title":"Tour Eventi Incentives Roma - Ancient and Recent","description":"Ancient & Recent \u00e8 ormai leader nell' organizzazione di Tour Eventi Incentives Roma ricchi di esperienze interattive, come la Realt\u00e0 Virtuale","robots":{"index":"index","follow":"follow","max-snippet":"max-snippet:-1","max-image-preview":"max-image-preview:large","max-video-preview":"max-video-preview:-1"},"canonical":"https:\/\/www.ancientandrecent.com\/it\/tour-eventi-incentives-roma\/","og_locale":"it_IT","og_type":"article","og_title":"Tour Eventi Incentives Roma - Ancient and Recent","og_description":"Ancient & Recent \u00e8 ormai leader nell' organizzazione di Tour Eventi Incentives Roma ricchi di esperienze interattive, come la Realt\u00e0 Virtuale","og_url":"https:\/\/www.ancientandrecent.com\/it\/tour-eventi-incentives-roma\/","og_site_name":"Ancient and Recent","article_modified_time":"2021-12-27T10:02:31+00:00","twitter_card":"summary_large_image","twitter_misc":{"Tempo di lettura stimato":"3 minuti"},"schema":{"@context":"https:\/\/schema.org","@graph":[{"@type":"WebPage","@id":"https:\/\/www.ancientandrecent.com\/it\/tour-eventi-incentives-roma\/","url":"https:\/\/www.ancientandrecent.com\/it\/tour-eventi-incentives-roma\/","name":"Tour Eventi Incentives Roma - Ancient and Recent","isPartOf":{"@id":"https:\/\/www.ancientandrecent.com\/it\/#website"},"datePublished":"2021-09-20T10:43:35+00:00","dateModified":"2021-12-27T10:02:31+00:00","description":"Ancient & Recent \u00e8 ormai leader nell' organizzazione di Tour Eventi Incentives Roma ricchi di esperienze interattive, come la Realt\u00e0 Virtuale","breadcrumb":{"@id":"https:\/\/www.ancientandrecent.com\/it\/tour-eventi-incentives-roma\/#breadcrumb"},"inLanguage":"it-IT","potentialAction":[{"@type":"ReadAction","target":["https:\/\/www.ancientandrecent.com\/it\/tour-eventi-incentives-roma\/"]}]},{"@type":"BreadcrumbList","@id":"https:\/\/www.ancientandrecent.com\/it\/tour-eventi-incentives-roma\/#breadcrumb","itemListElement":[{"@type":"ListItem","position":1,"name":"Home","item":"https:\/\/www.ancientandrecent.com\/it\/"},{"@type":"ListItem","position":2,"name":"Tour Eventi Incentives Roma"}]},{"@type":"WebSite","@id":"https:\/\/www.ancientandrecent.com\/it\/#website","url":"https:\/\/www.ancientandrecent.com\/it\/","name":"Ancient and Recent","description":"Prenota Tour Attrazioni Biglietti con Realt\u00e0 Virtuale","publisher":{"@id":"https:\/\/www.ancientandrecent.com\/it\/#organization"},"potentialAction":[{"@type":"SearchAction","target":{"@type":"EntryPoint","urlTemplate":"https:\/\/www.ancientandrecent.com\/it\/?s={search_term_string}"},"query-input":{"@type":"PropertyValueSpecification","valueRequired":true,"valueName":"search_term_string"}}],"inLanguage":"it-IT"},{"@type":"Organization","@id":"https:\/\/www.ancientandrecent.com\/it\/#organization","name":"Ancient and Recent","url":"https:\/\/www.ancientandrecent.com\/it\/","logo":{"@type":"ImageObject","inLanguage":"it-IT","@id":"https:\/\/www.ancientandrecent.com\/it\/#\/schema\/logo\/image\/","url":"https:\/\/www.ancientandrecent.com\/wp-content\/uploads\/2021\/05\/ancient-and-recent-logo-footer.png","contentUrl":"https:\/\/www.ancientandrecent.com\/wp-content\/uploads\/2021\/05\/ancient-and-recent-logo-footer.png","width":276,"height":215,"caption":"Ancient and Recent"},"image":{"@id":"https:\/\/www.ancientandrecent.com\/it\/#\/schema\/logo\/image\/"}}]}},"_links":{"self":[{"href":"https:\/\/www.ancientandrecent.com\/it\/wp-json\/wp\/v2\/pages\/4221","targetHints":{"allow":["GET"]}}],"collection":[{"href":"https:\/\/www.ancientandrecent.com\/it\/wp-json\/wp\/v2\/pages"}],"about":[{"href":"https:\/\/www.ancientandrecent.com\/it\/wp-json\/wp\/v2\/types\/page"}],"author":[{"embeddable":true,"href":"https:\/\/www.ancientandrecent.com\/it\/wp-json\/wp\/v2\/users\/1"}],"replies":[{"embeddable":true,"href":"https:\/\/www.ancientandrecent.com\/it\/wp-json\/wp\/v2\/comments?post=4221"}],"version-history":[{"count":13,"href":"https:\/\/www.ancientandrecent.com\/it\/wp-json\/wp\/v2\/pages\/4221\/revisions"}],"predecessor-version":[{"id":7891,"href":"https:\/\/www.ancientandrecent.com\/it\/wp-json\/wp\/v2\/pages\/4221\/revisions\/7891"}],"wp:attachment":[{"href":"https:\/\/www.ancientandrecent.com\/it\/wp-json\/wp\/v2\/media?parent=4221"}],"curies":[{"name":"wp","href":"https:\/\/api.w.org\/{rel}","templated":true}]}}