{"id":4229,"date":"2021-09-20T13:17:14","date_gmt":"2021-09-20T11:17:14","guid":{"rendered":"https:\/\/www.ancientandrecent.com\/?page_id=4229"},"modified":"2021-12-27T10:53:29","modified_gmt":"2021-12-27T09:53:29","slug":"tour-privati-a-roma","status":"publish","type":"page","link":"https:\/\/www.ancientandrecent.com\/it\/tour-privati-a-roma\/","title":{"rendered":"Tour Privati a Roma"},"content":{"rendered":"<div class=\"fusion-fullwidth fullwidth-box fusion-builder-row-1 fusion-flex-container nonhundred-percent-fullwidth non-hundred-percent-height-scrolling\" style=\"--awb-border-radius-top-left:0px;--awb-border-radius-top-right:0px;--awb-border-radius-bottom-right:0px;--awb-border-radius-bottom-left:0px;--awb-flex-wrap:wrap;\" ><div class=\"fusion-builder-row fusion-row fusion-flex-align-items-flex-start fusion-flex-content-wrap\" style=\"max-width:1456px;margin-left: calc(-4% \/ 2 );margin-right: calc(-4% \/ 2 );\"><div class=\"fusion-layout-column fusion_builder_column fusion-builder-column-0 fusion_builder_column_1_1 1_1 fusion-flex-column\" style=\"--awb-bg-size:cover;--awb-width-large:100%;--awb-margin-top-large:0px;--awb-spacing-right-large:1.92%;--awb-margin-bottom-large:0px;--awb-spacing-left-large:1.92%;--awb-width-medium:100%;--awb-order-medium:0;--awb-spacing-right-medium:1.92%;--awb-spacing-left-medium:1.92%;--awb-width-small:100%;--awb-order-small:0;--awb-spacing-right-small:1.92%;--awb-spacing-left-small:1.92%;\"><div class=\"fusion-column-wrapper fusion-column-has-shadow fusion-flex-justify-content-flex-start fusion-content-layout-column\"><div class=\"fusion-title title fusion-title-1 fusion-sep-none fusion-title-center fusion-title-text fusion-title-size-one\"><h1 class=\"fusion-title-heading title-heading-center fusion-responsive-typography-calculated\" style=\"margin:0;--fontSize:32;line-height:1;\">Tour Privati a Roma<\/h1><\/div><div class=\"fusion-image-element \" style=\"text-align:center;--awb-margin-bottom:20px;--awb-caption-title-font-family:var(--h2_typography-font-family);--awb-caption-title-font-weight:var(--h2_typography-font-weight);--awb-caption-title-font-style:var(--h2_typography-font-style);--awb-caption-title-size:var(--h2_typography-font-size);--awb-caption-title-transform:var(--h2_typography-text-transform);--awb-caption-title-line-height:var(--h2_typography-line-height);--awb-caption-title-letter-spacing:var(--h2_typography-letter-spacing);\"><span class=\" fusion-imageframe imageframe-none imageframe-1 hover-type-none\"><img decoding=\"async\" width=\"51\" height=\"30\" title=\"separator\" src=\"https:\/\/www.ancientandrecent.com\/wp-content\/uploads\/2021\/05\/separator.png\" alt class=\"img-responsive wp-image-266\"\/><\/span><\/div>\n<div class=\"fusion-text fusion-text-1\" style=\"--awb-text-transform:none;\"><p>Con i nostri <strong>Tour privati<\/strong> di <strong>Roma<\/strong> hai la possibilit\u00e0 di <strong>visitare Roma<\/strong> e i suoi dintorni, in modo del tutto indipendente. D\u2019altra parte, tutti i nostri <strong>Tour Privati Roma<\/strong> sono pensati per essere adatti ad adulti, bambini, famiglie e gruppi. Il nostro compito, in altre parole, \u00e8 rispondere ad ogni tua richiesta ed esigenza, anche la pi\u00f9 esclusiva.<\/p>\n<p>Dal <strong>Colosseo<\/strong> al <strong>Circo Massimo<\/strong>; dai <strong>Musei Vaticani<\/strong>, con la magnifica <strong>Cappella Sistina<\/strong>, alla <strong>Basilica di San Pietro<\/strong> in <strong>Vaticano<\/strong>. E ancora <strong>Ostia Antica<\/strong>; <strong>Pompei<\/strong>; <strong>Roma di Notte<\/strong>; <strong>Tour gastronomico di Roma<\/strong>,<strong> i migliori piatti tipici romani<\/strong>. E se, successivamente, ti venisse voglia di una gita fuori porta, non potrai certamente perderti <strong>Civita di Bagnoregio<\/strong>.<\/p>\n<\/div><div class=\"fusion-title title fusion-title-2 fusion-sep-none fusion-title-text fusion-title-size-two\"><h2 class=\"fusion-title-heading title-heading-left fusion-responsive-typography-calculated\" style=\"margin:0;--fontSize:32;line-height:1;\">Perch\u00e9 scegliere i nostri Tour Privati a Roma<\/h2><\/div><div class=\"fusion-text fusion-text-2\" style=\"--awb-text-transform:none;\"><p>Per chiarire, gli itinerari proposti dal nostro Tour Operator Ancient &amp; Recent sono flessibili. Veniamo incontro alle tue esigenze sia come disponibilit\u00e0, sia come orario. Potrai quindi godere di un soggiorno a Roma nel migliore dei modi. Che tu sia in famiglia o in gruppo, la tua guida privata Roma ti accompagner\u00e0, certamente, nella citt\u00e0 di Roma, o d\u2019Italia, condividendo con te l\u2019entusiasmo e l\u2019amore per questo paese.<\/p>\n<p>Avrai la possibilit\u00e0 di creare un itinerario personalizzato, ad esempio:<\/p>\n<ul>\n<li><strong>Colosseo<\/strong>;<\/li>\n<li><strong>Colle Palatino<\/strong>;<\/li>\n<li><strong>Foro Romano<\/strong>,<\/li>\n<li><strong>Circo Massimo<\/strong>;<\/li>\n<li><strong>Tour del centro storico di Roma<\/strong>;<\/li>\n<li><strong>Pompei<\/strong>;<\/li>\n<li><strong>Roma di notte<\/strong>;<\/li>\n<li><strong>Musei Vaticani<\/strong>;<\/li>\n<li><strong>Cappella Sistina<\/strong>;<\/li>\n<li><strong>Civita di Bagnoregio<\/strong><\/li>\n<\/ul>\n<p>e tanto altro ancora in un <strong>Tour a piedi<\/strong> di <strong>Roma<\/strong>. La cura e l\u2019attenzione al cliente sono, in primo luogo, i nostri punti di forza.<\/p>\n<\/div><div class=\"fusion-title title fusion-title-3 fusion-sep-none fusion-title-text fusion-title-size-two\"><h2 class=\"fusion-title-heading title-heading-left fusion-responsive-typography-calculated\" style=\"margin:0;--fontSize:32;line-height:1;\">Tour Privato a Roma con la Realt\u00e0 Virtuale<\/h2><\/div><div class=\"fusion-text fusion-text-3\" style=\"--awb-text-transform:none;\"><p><strong>Ancient &amp; Recent<\/strong> also gives you the opportunity to reserve a <strong>private experience: Virtual Reality<\/strong>. Also, you can choose to customize our historical and technological schedules and full of 3D full of life and energy rebuilding. Among the <strong>Special Tours of Rome<\/strong> you will find, for example:<\/p>\n<\/div><div class=\"fusion-title title fusion-title-4 fusion-sep-none fusion-title-text fusion-title-size-three\" style=\"--awb-font-size:1.4em;\"><h3 class=\"fusion-title-heading title-heading-left fusion-responsive-typography-calculated\" style=\"margin:0;font-size:1em;--fontSize:25.2;--minFontSize:25.2;line-height:1.3;\">Colosseo<\/h3><\/div><div class=\"fusion-text fusion-text-4\" style=\"--awb-text-transform:none;\"><p>Potrai conoscere la storia di <strong>Roma<\/strong>, vestendo i panni di un antico romano. Visitare poi le tre grandi aree del <strong>Colosseo<\/strong>: la piazza esterna, con il Tempio di Venere e Roma, l\u2019Arco di Costantino ed il Colosso di Nerone; l\u2019Arena, dove assistere ad una battaglia tra gladiatori, dei quali, divenendo l\u2019imperatore, dovrai scegliere il destino cruciale. Sar\u00e0 morte o vita? Infine i misteriosi sotterranei, un labirinto di gallerie, prigioni, montacarichi ed animali feroci;<\/p>\n<\/div><div class=\"fusion-title title fusion-title-5 fusion-sep-none fusion-title-text fusion-title-size-three\" style=\"--awb-font-size:1.4em;\"><h3 class=\"fusion-title-heading title-heading-left fusion-responsive-typography-calculated\" style=\"margin:0;font-size:1em;--fontSize:25.2;--minFontSize:25.2;line-height:1.3;\">Circo Massimo<\/h3><\/div><div class=\"fusion-text fusion-text-5\" style=\"--awb-text-transform:none;\"><p>Potrai incontrare Romolo nell\u2019atto di solcare il confine di <strong>Roma<\/strong>; vedere la prima struttura in legno del <strong>Circo Massimo<\/strong> con il Foro Boario; vivere l\u2019emozione di veder sfilare l\u2019imperatore; per concludere, guidare una quadriga per aggiudicarti il primo premio;<\/p>\n<\/div><div class=\"fusion-title title fusion-title-6 fusion-sep-none fusion-title-text fusion-title-size-three\" style=\"--awb-font-size:1.4em;\"><h3 class=\"fusion-title-heading title-heading-left fusion-responsive-typography-calculated\" style=\"margin:0;font-size:1em;--fontSize:25.2;--minFontSize:25.2;line-height:1.3;\">Vaticano e Cappella Sistina<\/h3><\/div><div class=\"fusion-text fusion-text-6\" style=\"--awb-text-transform:none;\"><p>Come un antico romano visiterai il Circo di Nerone ed i sepolcri; entrerai nella straordinaria Basilica Costantiniana; completerai il tutto in un viaggio con <strong>Michelangelo<\/strong>,\u00a0rivivendo la Creazione del Mondo ed il\u00a0<strong>Giudizio Universale<\/strong> con uno straordinario racconto animato;<\/p>\n<\/div><div class=\"fusion-title title fusion-title-7 fusion-sep-none fusion-title-text fusion-title-size-three\" style=\"--awb-font-size:1.4em;\"><h3 class=\"fusion-title-heading title-heading-left fusion-responsive-typography-calculated\" style=\"margin:0;font-size:1em;--fontSize:25.2;--minFontSize:25.2;line-height:1.3;\">Civita di Bagnoregio<\/h3><\/div><div class=\"fusion-text fusion-text-7\" style=\"--awb-text-transform:none;\"><p>Per una gita fuori porta, diversa dal solito, visiterai <strong>la \u201cCitt\u00e0 che Muore\u201c<\/strong>; userai gli Smart Glass in un percorso interattivo di realt\u00e0 mista. Infatti, attraverso la proiezione di ologrammi, potrai interagire con 5 guide turistiche diverse tra loro che ti illustreranno <strong>Civita di Bagnoregio<\/strong>. Vale a dire, un percorso completo della sua evoluzione dal punto di vista geologico e storico.<\/p>\n<p>In breve, i nostri sono percorsi che per gli amanti dell\u2019arte, della storia, del divertimento e della tecnologia sembrano essere l\u2019ideale.<\/p>\n<\/div><\/div><\/div><div class=\"fusion-layout-column fusion_builder_column fusion-builder-column-1 fusion_builder_column_1_1 1_1 fusion-flex-column\" style=\"--awb-bg-size:cover;--awb-width-large:100%;--awb-margin-top-large:0px;--awb-spacing-right-large:1.92%;--awb-margin-bottom-large:0px;--awb-spacing-left-large:1.92%;--awb-width-medium:100%;--awb-order-medium:0;--awb-spacing-right-medium:1.92%;--awb-spacing-left-medium:1.92%;--awb-width-small:100%;--awb-order-small:0;--awb-spacing-right-small:1.92%;--awb-spacing-left-small:1.92%;\"><div class=\"fusion-column-wrapper fusion-column-has-shadow fusion-flex-justify-content-flex-start fusion-content-layout-column\"><div class=\"fusion-title title fusion-title-8 fusion-sep-none fusion-title-text fusion-title-size-two\"><h2 class=\"fusion-title-heading title-heading-left fusion-responsive-typography-calculated\" style=\"margin:0;--fontSize:32;line-height:1;\">Regali personalizzati<\/h2><\/div><div class=\"fusion-text fusion-text-8\" style=\"--awb-text-transform:none;\"><p>I <strong>Tour Privati<\/strong> a <strong>Roma<\/strong> sono perfetti per ogni occasione: Coppie, famiglie e gruppi di amici. Chiunque, infatti, pu\u00f2 scegliere di prenotarli. Vuoi fare <strong>un regalo speciale<\/strong>? Che sia per un compleanno; per un anniversario; per un viaggio di nozze o per San Valentino, sar\u00e0 certamente il modo migliore per conoscere la citt\u00e0 pi\u00f9 romantica di sempre: <strong>Roma<\/strong>.<\/p>\n<\/div><\/div><\/div><div class=\"fusion-layout-column fusion_builder_column fusion-builder-column-2 fusion_builder_column_1_2 1_2 fusion-flex-column\" style=\"--awb-bg-size:cover;--awb-width-large:50%;--awb-margin-top-large:0px;--awb-spacing-right-large:3.84%;--awb-margin-bottom-large:0px;--awb-spacing-left-large:3.84%;--awb-width-medium:50%;--awb-order-medium:0;--awb-spacing-right-medium:3.84%;--awb-spacing-left-medium:3.84%;--awb-width-small:100%;--awb-order-small:0;--awb-spacing-right-small:1.92%;--awb-spacing-left-small:1.92%;\"><div class=\"fusion-column-wrapper fusion-column-has-shadow fusion-flex-justify-content-flex-start fusion-content-layout-column\"><div class=\"fusion-text fusion-text-9\" style=\"--awb-text-transform:none;\"><p>Scegli, dunque, di partecipare ad uno dei nostri <strong>Tour privati Roma<\/strong> pensati esclusivamente per te. Goditi in primo luogo la citt\u00e0 in modo esclusivo, senza alcuna preoccupazione e lontano dalle folle. La tua <strong>guida turistica<\/strong> personale ti offrir\u00e0 un tour privato unico nel suo genere. Potrai infatti prenotare un <strong>Tour Privato della Cappella Sistina<\/strong>, un <strong>Tour Privato dei Musei Vaticani<\/strong>, un <strong>Tour Privato al Colosseo<\/strong> e tanto altro. Avrai a disposizione una <strong>guida privata<\/strong> su <strong>Roma<\/strong> che ti mostrer\u00e0 i luoghi pi\u00f9 belli e affascinanti della citt\u00e0. Scatterai, inoltre, foto indimenticabili nei luoghi pi\u00f9 suggestivi di sempre.<\/p>\n<p>Per concludere, l\u2019amore e l\u2019attenzione della tua <strong>guida privata<\/strong> per <strong>Roma<\/strong> faranno s\u00ec che ogni monumento ti resti impresso nella mente, cos\u00ec da rendere il tuo <strong>viaggio a Roma<\/strong> ancor pi\u00f9 emozionante.<\/p>\n<\/div><\/div><\/div><div class=\"fusion-layout-column fusion_builder_column fusion-builder-column-3 fusion_builder_column_1_2 1_2 fusion-flex-column\" style=\"--awb-bg-size:cover;--awb-width-large:50%;--awb-margin-top-large:0px;--awb-spacing-right-large:3.84%;--awb-margin-bottom-large:0px;--awb-spacing-left-large:3.84%;--awb-width-medium:50%;--awb-order-medium:0;--awb-spacing-right-medium:3.84%;--awb-spacing-left-medium:3.84%;--awb-width-small:100%;--awb-order-small:0;--awb-spacing-right-small:1.92%;--awb-spacing-left-small:1.92%;\"><div class=\"fusion-column-wrapper fusion-column-has-shadow fusion-flex-justify-content-flex-start fusion-content-layout-column\"><div class=\"fusion-image-element \" style=\"--awb-caption-title-font-family:var(--h2_typography-font-family);--awb-caption-title-font-weight:var(--h2_typography-font-weight);--awb-caption-title-font-style:var(--h2_typography-font-style);--awb-caption-title-size:var(--h2_typography-font-size);--awb-caption-title-transform:var(--h2_typography-text-transform);--awb-caption-title-line-height:var(--h2_typography-line-height);--awb-caption-title-letter-spacing:var(--h2_typography-letter-spacing);\"><span class=\" fusion-imageframe imageframe-none imageframe-2 hover-type-none\"><img decoding=\"async\" width=\"960\" height=\"480\" alt=\"tour privati roma colosseo citt\u00e0 del vaticano tour realt\u00e0 virtuale ancient and recent\" title=\"tour privati roma colosseo citt\u00e0 del vaticano tour realt\u00e0 virtuale ancient and recent\" src=\"https:\/\/www.ancientandrecent.com\/wp-content\/uploads\/2021\/11\/rome-private-tours-vatican-city-colosseum-virtual-reality-tour-ancient-and-recent.jpg\" class=\"img-responsive wp-image-4924\" srcset=\"https:\/\/www.ancientandrecent.com\/wp-content\/uploads\/2021\/11\/rome-private-tours-vatican-city-colosseum-virtual-reality-tour-ancient-and-recent-200x100.jpg 200w, https:\/\/www.ancientandrecent.com\/wp-content\/uploads\/2021\/11\/rome-private-tours-vatican-city-colosseum-virtual-reality-tour-ancient-and-recent-400x200.jpg 400w, https:\/\/www.ancientandrecent.com\/wp-content\/uploads\/2021\/11\/rome-private-tours-vatican-city-colosseum-virtual-reality-tour-ancient-and-recent-600x300.jpg 600w, https:\/\/www.ancientandrecent.com\/wp-content\/uploads\/2021\/11\/rome-private-tours-vatican-city-colosseum-virtual-reality-tour-ancient-and-recent-800x400.jpg 800w, https:\/\/www.ancientandrecent.com\/wp-content\/uploads\/2021\/11\/rome-private-tours-vatican-city-colosseum-virtual-reality-tour-ancient-and-recent.jpg 960w\" sizes=\"(max-width: 640px) 100vw, 800px\" \/><\/span><\/div><\/div><\/div><div class=\"fusion-layout-column fusion_builder_column fusion-builder-column-4 fusion_builder_column_1_1 1_1 fusion-flex-column\" style=\"--awb-bg-size:cover;--awb-width-large:100%;--awb-margin-top-large:0px;--awb-spacing-right-large:1.92%;--awb-margin-bottom-large:0px;--awb-spacing-left-large:1.92%;--awb-width-medium:100%;--awb-order-medium:0;--awb-spacing-right-medium:1.92%;--awb-spacing-left-medium:1.92%;--awb-width-small:100%;--awb-order-small:0;--awb-spacing-right-small:1.92%;--awb-spacing-left-small:1.92%;\"><div class=\"fusion-column-wrapper fusion-column-has-shadow fusion-flex-justify-content-flex-start fusion-content-layout-column\"><div class=\"fusion-title title fusion-title-9 fusion-sep-none fusion-title-text fusion-title-size-two\"><h2 class=\"fusion-title-heading title-heading-left fusion-responsive-typography-calculated\" style=\"margin:0;--fontSize:32;line-height:1;\">Vantaggi dei nostri Tour Privati Roma<\/h2><\/div><div class=\"fusion-text fusion-text-10\" style=\"--awb-text-transform:none;\"><p>Riservati il vantaggio di uno dei nostri Tour Privati su Roma e dintorni, come per esempio:<\/p>\n<ul>\n<li>Personale dedicato a te e ai tuoi amici;<\/li>\n<li>Gadget regalo a fine tour;<\/li>\n<li>Biglietti salta la fila;<\/li>\n<li>Guida turistica privata locale;<\/li>\n<li>Accesso senza folla;<\/li>\n<li>Flessibilit\u00e0 di orari per ogni tua necessit\u00e0;<\/li>\n<li>Studio e creazione di itinerari personalizzati per ogni tua esigenza;<\/li>\n<li>Tecnologia di ultima generazione;<\/li>\n<li>Accessi VIP in base all\u2019itinerario scelto;<\/li>\n<li>Foto ricordo da ricevere a fine esperienza.<\/li>\n<\/ul>\n<p>In conclusione, potrai scegliere tra numerose possibilit\u00e0 e combinazioni di <strong>Tour privati<\/strong> a <strong>Roma<\/strong>. Chiedi informazioni sui <strong>Tour privati<\/strong> a <strong>Roma<\/strong> che pi\u00f9 preferisci. Un <strong>biglietto salta fila<\/strong>; la fantastica <strong>Realt\u00e0 Virtuale<\/strong> del <strong>Colosseo<\/strong>, del <strong>Circo Massimo<\/strong> o del <strong>Vaticano<\/strong>; o infine una gita fuori porta verso la citt\u00e0 di <strong>Civita di Bagnoregio<\/strong> e <strong>Pompei<\/strong>. Dunque, che aspetti?<\/p>\n<\/div><\/div><\/div><\/div><\/div>\n","protected":false},"excerpt":{"rendered":"","protected":false},"author":1,"featured_media":0,"parent":0,"menu_order":0,"comment_status":"closed","ping_status":"closed","template":"100-width.php","meta":{"footnotes":""},"class_list":["post-4229","page","type-page","status-publish","hentry"],"yoast_head":"<!-- This site is optimized with the Yoast SEO plugin v24.0 - https:\/\/yoast.com\/wordpress\/plugins\/seo\/ -->\n<title>Tour Privati a Roma - Ancient and Recent<\/title>\n<meta name=\"description\" content=\"Con i nostri Tour Privati di Roma hai la possibilit\u00e0 di visitare Roma e i suoi dintorni, in modo del tutto indipendente e co tu desideri!\" \/>\n<meta name=\"robots\" content=\"index, follow, max-snippet:-1, max-image-preview:large, max-video-preview:-1\" \/>\n<link rel=\"canonical\" href=\"https:\/\/www.ancientandrecent.com\/it\/tour-privati-a-roma\/\" \/>\n<meta property=\"og:locale\" content=\"it_IT\" \/>\n<meta property=\"og:type\" content=\"article\" \/>\n<meta property=\"og:title\" content=\"Tour Privati a Roma - Ancient and Recent\" \/>\n<meta property=\"og:description\" content=\"Con i nostri Tour Privati di Roma hai la possibilit\u00e0 di visitare Roma e i suoi dintorni, in modo del tutto indipendente e co tu desideri!\" \/>\n<meta property=\"og:url\" content=\"https:\/\/www.ancientandrecent.com\/it\/tour-privati-a-roma\/\" \/>\n<meta property=\"og:site_name\" content=\"Ancient and Recent\" \/>\n<meta property=\"article:modified_time\" content=\"2021-12-27T09:53:29+00:00\" \/>\n<meta name=\"twitter:card\" content=\"summary_large_image\" \/>\n<meta name=\"twitter:label1\" content=\"Tempo di lettura stimato\" \/>\n\t<meta name=\"twitter:data1\" content=\"3 minuti\" \/>\n<script type=\"application\/ld+json\" class=\"yoast-schema-graph\">{\"@context\":\"https:\/\/schema.org\",\"@graph\":[{\"@type\":\"WebPage\",\"@id\":\"https:\/\/www.ancientandrecent.com\/it\/tour-privati-a-roma\/\",\"url\":\"https:\/\/www.ancientandrecent.com\/it\/tour-privati-a-roma\/\",\"name\":\"Tour Privati a Roma - Ancient and Recent\",\"isPartOf\":{\"@id\":\"https:\/\/www.ancientandrecent.com\/it\/#website\"},\"datePublished\":\"2021-09-20T11:17:14+00:00\",\"dateModified\":\"2021-12-27T09:53:29+00:00\",\"description\":\"Con i nostri Tour Privati di Roma hai la possibilit\u00e0 di visitare Roma e i suoi dintorni, in modo del tutto indipendente e co tu desideri!\",\"breadcrumb\":{\"@id\":\"https:\/\/www.ancientandrecent.com\/it\/tour-privati-a-roma\/#breadcrumb\"},\"inLanguage\":\"it-IT\",\"potentialAction\":[{\"@type\":\"ReadAction\",\"target\":[\"https:\/\/www.ancientandrecent.com\/it\/tour-privati-a-roma\/\"]}]},{\"@type\":\"BreadcrumbList\",\"@id\":\"https:\/\/www.ancientandrecent.com\/it\/tour-privati-a-roma\/#breadcrumb\",\"itemListElement\":[{\"@type\":\"ListItem\",\"position\":1,\"name\":\"Home\",\"item\":\"https:\/\/www.ancientandrecent.com\/it\/\"},{\"@type\":\"ListItem\",\"position\":2,\"name\":\"Tour Privati a Roma\"}]},{\"@type\":\"WebSite\",\"@id\":\"https:\/\/www.ancientandrecent.com\/it\/#website\",\"url\":\"https:\/\/www.ancientandrecent.com\/it\/\",\"name\":\"Ancient and Recent\",\"description\":\"Prenota Tour Attrazioni Biglietti con Realt\u00e0 Virtuale\",\"publisher\":{\"@id\":\"https:\/\/www.ancientandrecent.com\/it\/#organization\"},\"potentialAction\":[{\"@type\":\"SearchAction\",\"target\":{\"@type\":\"EntryPoint\",\"urlTemplate\":\"https:\/\/www.ancientandrecent.com\/it\/?s={search_term_string}\"},\"query-input\":{\"@type\":\"PropertyValueSpecification\",\"valueRequired\":true,\"valueName\":\"search_term_string\"}}],\"inLanguage\":\"it-IT\"},{\"@type\":\"Organization\",\"@id\":\"https:\/\/www.ancientandrecent.com\/it\/#organization\",\"name\":\"Ancient and Recent\",\"url\":\"https:\/\/www.ancientandrecent.com\/it\/\",\"logo\":{\"@type\":\"ImageObject\",\"inLanguage\":\"it-IT\",\"@id\":\"https:\/\/www.ancientandrecent.com\/it\/#\/schema\/logo\/image\/\",\"url\":\"https:\/\/www.ancientandrecent.com\/wp-content\/uploads\/2021\/05\/ancient-and-recent-logo-footer.png\",\"contentUrl\":\"https:\/\/www.ancientandrecent.com\/wp-content\/uploads\/2021\/05\/ancient-and-recent-logo-footer.png\",\"width\":276,\"height\":215,\"caption\":\"Ancient and Recent\"},\"image\":{\"@id\":\"https:\/\/www.ancientandrecent.com\/it\/#\/schema\/logo\/image\/\"}}]}<\/script>\n<!-- \/ Yoast SEO plugin. -->","yoast_head_json":{"title":"Tour Privati a Roma - Ancient and Recent","description":"Con i nostri Tour Privati di Roma hai la possibilit\u00e0 di visitare Roma e i suoi dintorni, in modo del tutto indipendente e co tu desideri!","robots":{"index":"index","follow":"follow","max-snippet":"max-snippet:-1","max-image-preview":"max-image-preview:large","max-video-preview":"max-video-preview:-1"},"canonical":"https:\/\/www.ancientandrecent.com\/it\/tour-privati-a-roma\/","og_locale":"it_IT","og_type":"article","og_title":"Tour Privati a Roma - Ancient and Recent","og_description":"Con i nostri Tour Privati di Roma hai la possibilit\u00e0 di visitare Roma e i suoi dintorni, in modo del tutto indipendente e co tu desideri!","og_url":"https:\/\/www.ancientandrecent.com\/it\/tour-privati-a-roma\/","og_site_name":"Ancient and Recent","article_modified_time":"2021-12-27T09:53:29+00:00","twitter_card":"summary_large_image","twitter_misc":{"Tempo di lettura stimato":"3 minuti"},"schema":{"@context":"https:\/\/schema.org","@graph":[{"@type":"WebPage","@id":"https:\/\/www.ancientandrecent.com\/it\/tour-privati-a-roma\/","url":"https:\/\/www.ancientandrecent.com\/it\/tour-privati-a-roma\/","name":"Tour Privati a Roma - Ancient and Recent","isPartOf":{"@id":"https:\/\/www.ancientandrecent.com\/it\/#website"},"datePublished":"2021-09-20T11:17:14+00:00","dateModified":"2021-12-27T09:53:29+00:00","description":"Con i nostri Tour Privati di Roma hai la possibilit\u00e0 di visitare Roma e i suoi dintorni, in modo del tutto indipendente e co tu desideri!","breadcrumb":{"@id":"https:\/\/www.ancientandrecent.com\/it\/tour-privati-a-roma\/#breadcrumb"},"inLanguage":"it-IT","potentialAction":[{"@type":"ReadAction","target":["https:\/\/www.ancientandrecent.com\/it\/tour-privati-a-roma\/"]}]},{"@type":"BreadcrumbList","@id":"https:\/\/www.ancientandrecent.com\/it\/tour-privati-a-roma\/#breadcrumb","itemListElement":[{"@type":"ListItem","position":1,"name":"Home","item":"https:\/\/www.ancientandrecent.com\/it\/"},{"@type":"ListItem","position":2,"name":"Tour Privati a Roma"}]},{"@type":"WebSite","@id":"https:\/\/www.ancientandrecent.com\/it\/#website","url":"https:\/\/www.ancientandrecent.com\/it\/","name":"Ancient and Recent","description":"Prenota Tour Attrazioni Biglietti con Realt\u00e0 Virtuale","publisher":{"@id":"https:\/\/www.ancientandrecent.com\/it\/#organization"},"potentialAction":[{"@type":"SearchAction","target":{"@type":"EntryPoint","urlTemplate":"https:\/\/www.ancientandrecent.com\/it\/?s={search_term_string}"},"query-input":{"@type":"PropertyValueSpecification","valueRequired":true,"valueName":"search_term_string"}}],"inLanguage":"it-IT"},{"@type":"Organization","@id":"https:\/\/www.ancientandrecent.com\/it\/#organization","name":"Ancient and Recent","url":"https:\/\/www.ancientandrecent.com\/it\/","logo":{"@type":"ImageObject","inLanguage":"it-IT","@id":"https:\/\/www.ancientandrecent.com\/it\/#\/schema\/logo\/image\/","url":"https:\/\/www.ancientandrecent.com\/wp-content\/uploads\/2021\/05\/ancient-and-recent-logo-footer.png","contentUrl":"https:\/\/www.ancientandrecent.com\/wp-content\/uploads\/2021\/05\/ancient-and-recent-logo-footer.png","width":276,"height":215,"caption":"Ancient and Recent"},"image":{"@id":"https:\/\/www.ancientandrecent.com\/it\/#\/schema\/logo\/image\/"}}]}},"_links":{"self":[{"href":"https:\/\/www.ancientandrecent.com\/it\/wp-json\/wp\/v2\/pages\/4229","targetHints":{"allow":["GET"]}}],"collection":[{"href":"https:\/\/www.ancientandrecent.com\/it\/wp-json\/wp\/v2\/pages"}],"about":[{"href":"https:\/\/www.ancientandrecent.com\/it\/wp-json\/wp\/v2\/types\/page"}],"author":[{"embeddable":true,"href":"https:\/\/www.ancientandrecent.com\/it\/wp-json\/wp\/v2\/users\/1"}],"replies":[{"embeddable":true,"href":"https:\/\/www.ancientandrecent.com\/it\/wp-json\/wp\/v2\/comments?post=4229"}],"version-history":[{"count":10,"href":"https:\/\/www.ancientandrecent.com\/it\/wp-json\/wp\/v2\/pages\/4229\/revisions"}],"predecessor-version":[{"id":7883,"href":"https:\/\/www.ancientandrecent.com\/it\/wp-json\/wp\/v2\/pages\/4229\/revisions\/7883"}],"wp:attachment":[{"href":"https:\/\/www.ancientandrecent.com\/it\/wp-json\/wp\/v2\/media?parent=4229"}],"curies":[{"name":"wp","href":"https:\/\/api.w.org\/{rel}","templated":true}]}}