{"id":4233,"date":"2021-09-20T13:25:41","date_gmt":"2021-09-20T11:25:41","guid":{"rendered":"https:\/\/www.ancientandrecent.com\/?page_id=4233"},"modified":"2026-01-21T19:14:36","modified_gmt":"2026-01-21T18:14:36","slug":"roma-pass","status":"publish","type":"page","link":"https:\/\/www.ancientandrecent.com\/it\/roma-pass\/","title":{"rendered":"Roma Pass"},"content":{"rendered":"<div class=\"fusion-fullwidth fullwidth-box fusion-builder-row-1 fusion-flex-container nonhundred-percent-fullwidth non-hundred-percent-height-scrolling\" style=\"--awb-border-radius-top-left:0px;--awb-border-radius-top-right:0px;--awb-border-radius-bottom-right:0px;--awb-border-radius-bottom-left:0px;--awb-flex-wrap:wrap;\" ><div class=\"fusion-builder-row fusion-row fusion-flex-align-items-flex-start fusion-flex-content-wrap\" style=\"max-width:1456px;margin-left: calc(-4% \/ 2 );margin-right: calc(-4% \/ 2 );\"><div class=\"fusion-layout-column fusion_builder_column fusion-builder-column-0 fusion_builder_column_1_1 1_1 fusion-flex-column\" style=\"--awb-bg-size:cover;--awb-width-large:100%;--awb-margin-top-large:0px;--awb-spacing-right-large:1.92%;--awb-margin-bottom-large:0px;--awb-spacing-left-large:1.92%;--awb-width-medium:100%;--awb-order-medium:0;--awb-spacing-right-medium:1.92%;--awb-spacing-left-medium:1.92%;--awb-width-small:100%;--awb-order-small:0;--awb-spacing-right-small:1.92%;--awb-spacing-left-small:1.92%;\"><div class=\"fusion-column-wrapper fusion-column-has-shadow fusion-flex-justify-content-flex-start fusion-content-layout-column\"><div class=\"fusion-text fusion-text-1\" style=\"--awb-text-transform:none;\"><p>In collaborazione con <strong>Roma Capitale<\/strong> ed <strong>ATAC<\/strong>, nasce la <strong>Roma Pass<\/strong>. In breve, vivere il turismo in citt\u00e0 non \u00e8 mai stato cos\u00ec semplice. Musei; poi aree archeologiche; infine, i monumenti simbolo della citt\u00e0, come ad esempio il\u00a0<strong>Colosseo<\/strong>. Potrai scegliere tu quando usarla e dove usarla. Scegli di usufruire la\u00a0<strong>carta Roma Pass<\/strong>\u00a0con\u00a0Ancient &amp;\u00a0Recent\u00a0e potrai visitare il\u00a0<strong>Colosseo\u00a0<\/strong>ed il\u00a0<strong>Circo Massimo<\/strong>,\u00a0prendendo parte ad uno dei nostri tour innovativi. Dunque, inserisci il codice promo\u00a0romapassvr\u00a0prima di procedere al pagamento. Avrai il vantaggio del\u00a015% di sconto! Assicurati di avere la card con te per mostrarla al nostro staff prima dell&#8217;inizio del tour.<\/p>\n<h2><strong>Cos&#8217;\u00e8 la Roma Pass?<\/strong><\/h2>\n<p><strong>Roma Pass<\/strong>\u00a0\u00e8 la card del <strong>Comune di Roma<\/strong> che ti permette di visitare la Citt\u00e0 Eterna, includendo, secondo il pacchetto acquistato, il trasporto gratuito e l\u2019ingresso scontato a pi\u00f9 di 30 musei e monumenti. Potrai usufruire di molti altri sconti presso le attivit\u00e0 dei soci che hanno aderito alla\u00a0<strong>Roma Pass<\/strong>. Esistono due tipi di card:\u00a0<strong>Roma Pass<\/strong> 48h\u00a0e\u00a0Roma Pass 72h. Quali sono, quindi, con\u00a0<strong>Roma Pass<\/strong>\u00a0i\u00a0musei convenzionati? Troviamo ad esempio:<\/p>\n<ul>\n<li>Circo Massimo;<\/li>\n<li>Galleria Borghese;<\/li>\n<li>Foro Romano;<\/li>\n<li>Colosseo;<\/li>\n<li>Colle Palatino;<\/li>\n<li>Mausoleo di Augusto;<\/li>\n<li>Musei Capitolini;<\/li>\n<li>Mercati di Traiano;<\/li>\n<li>Museo dell&#8217;Ara Pacis;<\/li>\n<li>Castel Sant&#8217;Angelo;<\/li>\n<li>Ostia Antica;<\/li>\n<li>Terme di Caracalla<\/li>\n<\/ul>\n<p>e molto altro ancora. Utilizzando con noi la\u00a0<strong>Roma Pass<\/strong>\u00a0avrai la possibilit\u00e0 di visitare, in modo del tutto innovativo, due dei monumenti simbolo della citt\u00e0 di\u00a0<strong>Roma<\/strong>: il\u00a0<strong>Colosseo\u00a0<\/strong>ed il\u00a0<strong>Circo Massimo<\/strong>.<\/p>\n<h3><strong>Colosseo<\/strong><\/h3>\n<p>Hai mai visto una statua in bronzo d&#8217;orato di 37 metri d&#8217;altezza? Ora potrai farlo per la prima volta. Indossa il visore e passeggia per la piazza del <strong>Colosseo<\/strong> aggirandoti per i suoi monumenti pi\u00f9 importanti: l&#8217;<strong>Arco di Costantino<\/strong>; la <em>Meta\u00a0Sudans<\/em>; il <strong>Colosso<\/strong> di Nerone ed il Tempio di Venere e Roma. Entra in secondo luogo nell&#8217;arena assistendo ad una battaglia tra <strong>gladiatori.<\/strong> Diventa per un giorno l&#8217;imperatore e scegli il destino del gladiatore ferito. Morte o vita? Infine, passeggia per i tenebrosi sotterranei, circondato dal ruggito dei leoni e le urla dei <strong>gladiatori<\/strong> che aspettano il loro turno per salire in arena e dare spettacolo.<\/p>\n<h3>Circo Massimo<\/h3>\n<p>Ripercorri la storia di <strong>Roma<\/strong> dalle sue origini. Incontra Romolo che traccia il confine sacro della citt\u00e0 intorno al <strong>Colle Palatino<\/strong> e passeggia per le strade di <strong>Roma<\/strong> vestendo i panni di un antico romano. Osserva i primi anfiteatri in legno, il Foro Boario con il mercato del bestiame. Poi entra nel\u00a0<strong>Circo Massimo<\/strong>, scegli il colore del cavallo, la tua squadra e comincia la corsa. Sali su una quadriga e guida! Devi compiere 7 giri intorno alla spina per aggiudicarti il premio fiale. Sarai tu dunque il vincitore di 1 milione di sesterzi?<\/p>\n<p>Potrai scegliere tra una variet\u00e0 di tour pensati appositamente per soddisfare ogni tua richiesta ed esigenza. Decidi tu il giorno e l&#8217;orario di visita e noi saremmo pronti a venirti incontro. Vivi\u00a0<strong>Roma\u00a0<\/strong>come mai prima. Scegli\u00a0Ancient &amp;\u00a0Recent\u00a0ed uno dei nostri tour guidati di\u00a0<strong>Roma\u00a0<\/strong>per tornare a casa con un bagaglio di informazioni ed emozioni indimenticabili.<\/p>\n<p>Dove acquistare la Roma Pass<br \/>\nOnline. Il ritiro dovr\u00e0 essere effettuato in uno dei\u00a0Tourist\u00a0INFOPOINTS dopo 24 ore dalla data di acquisto online.<br \/>\nTelefonando al Call Centre\u00a00039 060608<br \/>\nNei\u00a0musei\u00a0del circuito.<br \/>\nNei\u00a0Tourist INFOPOINTS di Roma Capitale<br \/>\nNelle\u00a0rivenditorie\u00a0ATAC<br \/>\nNelle biglietterie Trenitalia<\/p>\n<\/div><\/div><\/div><\/div><\/div>\n","protected":false},"excerpt":{"rendered":"","protected":false},"author":1,"featured_media":0,"parent":0,"menu_order":0,"comment_status":"closed","ping_status":"closed","template":"","meta":{"footnotes":""},"class_list":["post-4233","page","type-page","status-publish","hentry"],"yoast_head":"<!-- This site is optimized with the Yoast SEO plugin v24.0 - https:\/\/yoast.com\/wordpress\/plugins\/seo\/ -->\n<title>Roma Pass - Ancient and Recent<\/title>\n<meta name=\"description\" content=\"Scegli di usare la carta Roma Pass con Ancient&amp;Recent e visita il Colosseo ed il Circo Massimo, prendendo parte ad uno dei nostri tour\" \/>\n<meta name=\"robots\" content=\"index, follow, max-snippet:-1, max-image-preview:large, max-video-preview:-1\" \/>\n<link rel=\"canonical\" href=\"https:\/\/www.ancientandrecent.com\/it\/roma-pass\/\" \/>\n<meta property=\"og:locale\" content=\"it_IT\" \/>\n<meta property=\"og:type\" content=\"article\" \/>\n<meta property=\"og:title\" content=\"Roma Pass - Ancient and Recent\" \/>\n<meta property=\"og:description\" content=\"Scegli di usare la carta Roma Pass con Ancient&amp;Recent e visita il Colosseo ed il Circo Massimo, prendendo parte ad uno dei nostri tour\" \/>\n<meta property=\"og:url\" content=\"https:\/\/www.ancientandrecent.com\/it\/roma-pass\/\" \/>\n<meta property=\"og:site_name\" content=\"Ancient and Recent\" \/>\n<meta property=\"article:modified_time\" content=\"2026-01-21T18:14:36+00:00\" \/>\n<meta name=\"twitter:card\" content=\"summary_large_image\" \/>\n<meta name=\"twitter:label1\" content=\"Tempo di lettura stimato\" \/>\n\t<meta name=\"twitter:data1\" content=\"3 minuti\" \/>\n<script type=\"application\/ld+json\" class=\"yoast-schema-graph\">{\"@context\":\"https:\/\/schema.org\",\"@graph\":[{\"@type\":\"WebPage\",\"@id\":\"https:\/\/www.ancientandrecent.com\/it\/roma-pass\/\",\"url\":\"https:\/\/www.ancientandrecent.com\/it\/roma-pass\/\",\"name\":\"Roma Pass - Ancient and Recent\",\"isPartOf\":{\"@id\":\"https:\/\/www.ancientandrecent.com\/it\/#website\"},\"datePublished\":\"2021-09-20T11:25:41+00:00\",\"dateModified\":\"2026-01-21T18:14:36+00:00\",\"description\":\"Scegli di usare la carta Roma Pass con Ancient&Recent e visita il Colosseo ed il Circo Massimo, prendendo parte ad uno dei nostri tour\",\"breadcrumb\":{\"@id\":\"https:\/\/www.ancientandrecent.com\/it\/roma-pass\/#breadcrumb\"},\"inLanguage\":\"it-IT\",\"potentialAction\":[{\"@type\":\"ReadAction\",\"target\":[\"https:\/\/www.ancientandrecent.com\/it\/roma-pass\/\"]}]},{\"@type\":\"BreadcrumbList\",\"@id\":\"https:\/\/www.ancientandrecent.com\/it\/roma-pass\/#breadcrumb\",\"itemListElement\":[{\"@type\":\"ListItem\",\"position\":1,\"name\":\"Home\",\"item\":\"https:\/\/www.ancientandrecent.com\/it\/\"},{\"@type\":\"ListItem\",\"position\":2,\"name\":\"Roma Pass\"}]},{\"@type\":\"WebSite\",\"@id\":\"https:\/\/www.ancientandrecent.com\/it\/#website\",\"url\":\"https:\/\/www.ancientandrecent.com\/it\/\",\"name\":\"Ancient and Recent\",\"description\":\"Prenota Tour Attrazioni Biglietti con Realt\u00e0 Virtuale\",\"publisher\":{\"@id\":\"https:\/\/www.ancientandrecent.com\/it\/#organization\"},\"potentialAction\":[{\"@type\":\"SearchAction\",\"target\":{\"@type\":\"EntryPoint\",\"urlTemplate\":\"https:\/\/www.ancientandrecent.com\/it\/?s={search_term_string}\"},\"query-input\":{\"@type\":\"PropertyValueSpecification\",\"valueRequired\":true,\"valueName\":\"search_term_string\"}}],\"inLanguage\":\"it-IT\"},{\"@type\":\"Organization\",\"@id\":\"https:\/\/www.ancientandrecent.com\/it\/#organization\",\"name\":\"Ancient and Recent\",\"url\":\"https:\/\/www.ancientandrecent.com\/it\/\",\"logo\":{\"@type\":\"ImageObject\",\"inLanguage\":\"it-IT\",\"@id\":\"https:\/\/www.ancientandrecent.com\/it\/#\/schema\/logo\/image\/\",\"url\":\"https:\/\/www.ancientandrecent.com\/wp-content\/uploads\/2021\/05\/ancient-and-recent-logo-footer.png\",\"contentUrl\":\"https:\/\/www.ancientandrecent.com\/wp-content\/uploads\/2021\/05\/ancient-and-recent-logo-footer.png\",\"width\":276,\"height\":215,\"caption\":\"Ancient and Recent\"},\"image\":{\"@id\":\"https:\/\/www.ancientandrecent.com\/it\/#\/schema\/logo\/image\/\"}}]}<\/script>\n<!-- \/ Yoast SEO plugin. -->","yoast_head_json":{"title":"Roma Pass - Ancient and Recent","description":"Scegli di usare la carta Roma Pass con Ancient&Recent e visita il Colosseo ed il Circo Massimo, prendendo parte ad uno dei nostri tour","robots":{"index":"index","follow":"follow","max-snippet":"max-snippet:-1","max-image-preview":"max-image-preview:large","max-video-preview":"max-video-preview:-1"},"canonical":"https:\/\/www.ancientandrecent.com\/it\/roma-pass\/","og_locale":"it_IT","og_type":"article","og_title":"Roma Pass - Ancient and Recent","og_description":"Scegli di usare la carta Roma Pass con Ancient&Recent e visita il Colosseo ed il Circo Massimo, prendendo parte ad uno dei nostri tour","og_url":"https:\/\/www.ancientandrecent.com\/it\/roma-pass\/","og_site_name":"Ancient and Recent","article_modified_time":"2026-01-21T18:14:36+00:00","twitter_card":"summary_large_image","twitter_misc":{"Tempo di lettura stimato":"3 minuti"},"schema":{"@context":"https:\/\/schema.org","@graph":[{"@type":"WebPage","@id":"https:\/\/www.ancientandrecent.com\/it\/roma-pass\/","url":"https:\/\/www.ancientandrecent.com\/it\/roma-pass\/","name":"Roma Pass - Ancient and Recent","isPartOf":{"@id":"https:\/\/www.ancientandrecent.com\/it\/#website"},"datePublished":"2021-09-20T11:25:41+00:00","dateModified":"2026-01-21T18:14:36+00:00","description":"Scegli di usare la carta Roma Pass con Ancient&Recent e visita il Colosseo ed il Circo Massimo, prendendo parte ad uno dei nostri tour","breadcrumb":{"@id":"https:\/\/www.ancientandrecent.com\/it\/roma-pass\/#breadcrumb"},"inLanguage":"it-IT","potentialAction":[{"@type":"ReadAction","target":["https:\/\/www.ancientandrecent.com\/it\/roma-pass\/"]}]},{"@type":"BreadcrumbList","@id":"https:\/\/www.ancientandrecent.com\/it\/roma-pass\/#breadcrumb","itemListElement":[{"@type":"ListItem","position":1,"name":"Home","item":"https:\/\/www.ancientandrecent.com\/it\/"},{"@type":"ListItem","position":2,"name":"Roma Pass"}]},{"@type":"WebSite","@id":"https:\/\/www.ancientandrecent.com\/it\/#website","url":"https:\/\/www.ancientandrecent.com\/it\/","name":"Ancient and Recent","description":"Prenota Tour Attrazioni Biglietti con Realt\u00e0 Virtuale","publisher":{"@id":"https:\/\/www.ancientandrecent.com\/it\/#organization"},"potentialAction":[{"@type":"SearchAction","target":{"@type":"EntryPoint","urlTemplate":"https:\/\/www.ancientandrecent.com\/it\/?s={search_term_string}"},"query-input":{"@type":"PropertyValueSpecification","valueRequired":true,"valueName":"search_term_string"}}],"inLanguage":"it-IT"},{"@type":"Organization","@id":"https:\/\/www.ancientandrecent.com\/it\/#organization","name":"Ancient and Recent","url":"https:\/\/www.ancientandrecent.com\/it\/","logo":{"@type":"ImageObject","inLanguage":"it-IT","@id":"https:\/\/www.ancientandrecent.com\/it\/#\/schema\/logo\/image\/","url":"https:\/\/www.ancientandrecent.com\/wp-content\/uploads\/2021\/05\/ancient-and-recent-logo-footer.png","contentUrl":"https:\/\/www.ancientandrecent.com\/wp-content\/uploads\/2021\/05\/ancient-and-recent-logo-footer.png","width":276,"height":215,"caption":"Ancient and Recent"},"image":{"@id":"https:\/\/www.ancientandrecent.com\/it\/#\/schema\/logo\/image\/"}}]}},"_links":{"self":[{"href":"https:\/\/www.ancientandrecent.com\/it\/wp-json\/wp\/v2\/pages\/4233","targetHints":{"allow":["GET"]}}],"collection":[{"href":"https:\/\/www.ancientandrecent.com\/it\/wp-json\/wp\/v2\/pages"}],"about":[{"href":"https:\/\/www.ancientandrecent.com\/it\/wp-json\/wp\/v2\/types\/page"}],"author":[{"embeddable":true,"href":"https:\/\/www.ancientandrecent.com\/it\/wp-json\/wp\/v2\/users\/1"}],"replies":[{"embeddable":true,"href":"https:\/\/www.ancientandrecent.com\/it\/wp-json\/wp\/v2\/comments?post=4233"}],"version-history":[{"count":4,"href":"https:\/\/www.ancientandrecent.com\/it\/wp-json\/wp\/v2\/pages\/4233\/revisions"}],"predecessor-version":[{"id":13690,"href":"https:\/\/www.ancientandrecent.com\/it\/wp-json\/wp\/v2\/pages\/4233\/revisions\/13690"}],"wp:attachment":[{"href":"https:\/\/www.ancientandrecent.com\/it\/wp-json\/wp\/v2\/media?parent=4233"}],"curies":[{"name":"wp","href":"https:\/\/api.w.org\/{rel}","templated":true}]}}